{"id":30148,"date":"2022-04-01T14:23:52","date_gmt":"2022-04-01T12:23:52","guid":{"rendered":"https:\/\/www.d-velop.de\/blog\/?page_id=30148"},"modified":"2022-05-25T12:16:24","modified_gmt":"2022-05-25T10:16:24","slug":"kontakt","status":"publish","type":"page","link":"https:\/\/www.d-velop.de\/blog\/kontakt\/","title":{"rendered":"Werde Teil des Teams"},"content":{"rendered":"\n<h1 class=\"wp-block-heading\"><span class=\"ez-toc-section\" id=\"werde-teil-des-teams\"><\/span>Werde Teil des Teams<span class=\"ez-toc-section-end\"><\/span><\/h1>\n\n\n\n  <div\n    id=\"dv-tabs\"\n    class=\"dv-tabs\"\n  >\n    \n      <input\n        id=\"tab-1\"\n        type=\"radio\"\n        name=\"tab-group\"\n        class=\"dv-tabs__input\"\n        checked=\"checked\"      \/>\n      <label\n        for=\"tab-1\"\n        class=\"dv-tabs__label\"\n      >\n                <span>Autor:in werden<\/span>\n      <\/label>\n\n    \n      <input\n        id=\"tab-2\"\n        type=\"radio\"\n        name=\"tab-group\"\n        class=\"dv-tabs__input\"\n              \/>\n      <label\n        for=\"tab-2\"\n        class=\"dv-tabs__label\"\n      >\n                <span>Idee vorschlagen<\/span>\n      <\/label>\n\n    \n      <input\n        id=\"tab-3\"\n        type=\"radio\"\n        name=\"tab-group\"\n        class=\"dv-tabs__input\"\n              \/>\n      <label\n        for=\"tab-3\"\n        class=\"dv-tabs__label\"\n      >\n                <span>Interview geben<\/span>\n      <\/label>\n\n    \n    <div class=\"dv-tabs__wrapper\">\n      <div id=\"dv-tabs-content-1\" class=\"dv-tabs__content\"><p><!-- wp:heading --><\/p>\n<h2><span class=\"ez-toc-section\" id=\"du-hast-auch-was-zu-sagen-schreibe-deinen-artikel-als-gastautor-in-bei-uns\"><\/span>Du hast auch was zu sagen? Schreibe Deinen Artikel als Gastautor:in bei uns!<span class=\"ez-toc-section-end\"><\/span><\/h2>\n<p><!-- \/wp:heading --> <!-- wp:paragraph --><\/p>\n<p>Wenn Du Experte in Deinem Gebiet bist und spannende Informationen mit unseren Leser:innen teilen m\u00f6chtest, passt Du perfekt zu uns! Wir sind offen f\u00fcr Neues, allerdings sollte Dein Gastbeitrag inhaltlich zum d.velop blog passen.<\/p>\n<p><!-- \/wp:paragraph --> <!-- wp:paragraph --><\/p>\n<p>Dein Beitrag sollte&#8230;<\/p>\n<p><!-- \/wp:paragraph --> <!-- wp:list {\"className\":\"is-style-default\"} --><\/p>\n<ul class=\"is-style-default\">\n<li>&#8230; sowohl thematisch als auch formal zu uns passen.<\/li>\n<li>&#8230; einzigartig und noch auf keinem anderen Blog ver\u00f6ffentlicht sein.<\/li>\n<li>&#8230; verst\u00e4ndlich und in kurzen und pr\u00e4gnanten S\u00e4tzen geschrieben sein.<\/li>\n<li>&#8230; mindestens 1000 W\u00f6rter enthalten.<\/li>\n<\/ul>\n<p><!-- \/wp:list --> <!-- wp:paragraph --><\/p>\n<p>Jetzt einfach noch das Formular ausf\u00fcllen und auf geht&#8217;s!<\/p>\n<p><!-- \/wp:paragraph --><\/p>\n      <div class=\"dv-hubspot-form\">\n        <!--[if lte IE 8]>\n        <script charset=\"utf-8\" type=\"text\/javascript\" src=\"\/\/js.hsforms.net\/forms\/v2-legacy.js\"><\/script>\n        <![endif]-->\n        <script charset=\"utf-8\" type=\"text\/javascript\" src=\"\/\/js.hsforms.net\/forms\/v2.js\"><\/script>\n        <script>\n            hbspt.forms.create({\n                portalId: \"2429121\",\n                formId: \"18e1a0a4-32b2-476b-832e-238521dd3420\",\n                css: \"\",\n            });\n        <\/script>\n      <\/div>\n<\/div><div id=\"dv-tabs-content-2\" class=\"dv-tabs__content\"><p><!-- wp:heading --><\/p>\n<h2><span class=\"ez-toc-section\" id=\"du-wuenschst-dir-einen-beitrag-zu-einem-bestimmten-thema-auf-dem-dvelop-blog-dann-lass-es-uns-wissen\"><\/span>Du w\u00fcnschst Dir einen Beitrag zu einem bestimmten Thema auf dem d.velop blog? Dann lass es uns wissen!<span class=\"ez-toc-section-end\"><\/span><\/h2>\n<p><!-- \/wp:heading --> <!-- wp:paragraph --><\/p>\n<p>Ziel des d.velop blogs ist es, f\u00fcr unsere Leser:innen wertvolle, informative oder auch einfach unterhaltsame Artikel zu ver\u00f6ffentlichen. Daher freuen wir uns von Dir zu h\u00f6ren, was Du gerne von uns lesen m\u00f6chtest! F\u00fcll dazu doch einfach das nachstehende Formular aus.<\/p>\n      <div class=\"dv-hubspot-form\">\n        <!--[if lte IE 8]>\n        <script charset=\"utf-8\" type=\"text\/javascript\" src=\"\/\/js.hsforms.net\/forms\/v2-legacy.js\"><\/script>\n        <![endif]-->\n        <script charset=\"utf-8\" type=\"text\/javascript\" src=\"\/\/js.hsforms.net\/forms\/v2.js\"><\/script>\n        <script>\n            hbspt.forms.create({\n                portalId: \"2429121\",\n                formId: \"3d5b6a2f-c2a3-4aca-99d7-bfe725e557f8\",\n                css: \"\",\n            });\n        <\/script>\n      <\/div>\n<p><!-- \/wp:paragraph --><\/p>\n<\/div><div id=\"dv-tabs-content-3\" class=\"dv-tabs__content\"><p><!-- wp:heading --><\/p>\n<h2><span class=\"ez-toc-section\" id=\"du-hast-spannende-einblicke-fuer-uns-und-moechtest-diese-mit-uns-in-einem-interview-teilen-nichts-lieber-als-das\"><\/span>Du hast spannende Einblicke f\u00fcr uns und m\u00f6chtest diese mit uns in einem Interview teilen? Nichts lieber als das!<span class=\"ez-toc-section-end\"><\/span><\/h2>\n<p><!-- \/wp:heading --> <!-- wp:paragraph --><\/p>\n<p>Um bewerten zu k\u00f6nnen, ob Deine Geschichte zum d.velop blog passt, f\u00fcll doch bitte das nachstehende Formular aus. Hintergr\u00fcnde zu Deiner Person und dem Inhalt des Interviews helfen uns dabei \ud83d\ude42<\/p>\n      <div class=\"dv-hubspot-form\">\n        <!--[if lte IE 8]>\n        <script charset=\"utf-8\" type=\"text\/javascript\" src=\"\/\/js.hsforms.net\/forms\/v2-legacy.js\"><\/script>\n        <![endif]-->\n        <script charset=\"utf-8\" type=\"text\/javascript\" src=\"\/\/js.hsforms.net\/forms\/v2.js\"><\/script>\n        <script>\n            hbspt.forms.create({\n                portalId: \"2429121\",\n                formId: \"568681e5-5452-4312-92c4-4f1be44b2987\",\n                css: \"\",\n            });\n        <\/script>\n      <\/div>\n<p><!-- \/wp:paragraph --><\/p>\n<\/div>    <\/div>\n  <\/div>\n","protected":false},"excerpt":{"rendered":"<p>Werde Teil des Teams<\/p>\n","protected":false},"author":76,"featured_media":0,"parent":0,"menu_order":0,"comment_status":"closed","ping_status":"closed","template":"","meta":{"footnotes":"","beyondwords_generate_audio":"","beyondwords_project_id":"","beyondwords_content_id":"","beyondwords_preview_token":"","beyondwords_player_content":"","beyondwords_player_style":"","beyondwords_language_id":"","beyondwords_title_voice_id":"","beyondwords_body_voice_id":"","beyondwords_summary_voice_id":"","beyondwords_error_message":"","beyondwords_disabled":"","beyondwords_delete_content":"","beyondwords_podcast_id":"","beyondwords_hash":"","publish_post_to_speechkit":"","speechkit_hash":"","speechkit_generate_audio":"","speechkit_project_id":"","speechkit_podcast_id":"","speechkit_error_message":"","speechkit_disabled":"","speechkit_access_key":"","speechkit_error":"","speechkit_info":"","speechkit_response":"","speechkit_retries":"","speechkit_status":"","speechkit_updated_at":"","_speechkit_link":"","_speechkit_text":""},"class_list":["post-30148","page","type-page","status-publish","hentry"],"acf":[],"yoast_head":"<!-- This site is optimized with the Yoast SEO Premium plugin v25.6 (Yoast SEO v25.6) - https:\/\/yoast.com\/wordpress\/plugins\/seo\/ -->\n<title>Werde Teil des Teams | d.velop blog<\/title>\n<meta name=\"robots\" content=\"index, follow, max-snippet:-1, max-image-preview:large, max-video-preview:-1\" \/>\n<link rel=\"canonical\" href=\"https:\/\/www.d-velop.de\/blog\/kontakt\/\" \/>\n<meta property=\"og:locale\" content=\"de_DE\" \/>\n<meta property=\"og:type\" content=\"article\" \/>\n<meta property=\"og:title\" content=\"Werde Teil des Teams\" \/>\n<meta property=\"og:description\" content=\"Werde Teil des Teams\" \/>\n<meta property=\"og:url\" content=\"https:\/\/www.d-velop.de\/blog\/kontakt\/\" \/>\n<meta property=\"og:site_name\" content=\"d.velop blog\" \/>\n<meta property=\"article:publisher\" content=\"https:\/\/www.facebook.com\/d.velop.ag\/\" \/>\n<meta property=\"article:modified_time\" content=\"2022-05-25T10:16:24+00:00\" \/>\n<meta name=\"twitter:card\" content=\"summary_large_image\" \/>\n<meta name=\"twitter:site\" content=\"@d_velop\" \/>\n<script type=\"application\/ld+json\" class=\"yoast-schema-graph\">{\"@context\":\"https:\/\/schema.org\",\"@graph\":[{\"@type\":\"WebPage\",\"@id\":\"https:\/\/www.d-velop.de\/blog\/kontakt\/\",\"url\":\"https:\/\/www.d-velop.de\/blog\/kontakt\/\",\"name\":\"Werde Teil des Teams | d.velop blog\",\"isPartOf\":{\"@id\":\"https:\/\/www.d-velop.de\/blog\/#website\"},\"datePublished\":\"2022-04-01T12:23:52+00:00\",\"dateModified\":\"2022-05-25T10:16:24+00:00\",\"breadcrumb\":{\"@id\":\"https:\/\/www.d-velop.de\/blog\/kontakt\/#breadcrumb\"},\"inLanguage\":\"de\",\"potentialAction\":[{\"@type\":\"ReadAction\",\"target\":[\"https:\/\/www.d-velop.de\/blog\/kontakt\/\"]}]},{\"@type\":\"BreadcrumbList\",\"@id\":\"https:\/\/www.d-velop.de\/blog\/kontakt\/#breadcrumb\",\"itemListElement\":[{\"@type\":\"ListItem\",\"position\":1,\"name\":\"Startseite\",\"item\":\"https:\/\/www.d-velop.de\/blog\/\"},{\"@type\":\"ListItem\",\"position\":2,\"name\":\"Werde Teil des Teams\"}]},{\"@type\":\"WebSite\",\"@id\":\"https:\/\/www.d-velop.de\/blog\/#website\",\"url\":\"https:\/\/www.d-velop.de\/blog\/\",\"name\":\"d.velop blog\",\"description\":\"Digitalisierung, Dokumentenmanagement und rund um d.velop\",\"publisher\":{\"@id\":\"https:\/\/www.d-velop.de\/blog\/#organization\"},\"potentialAction\":[{\"@type\":\"SearchAction\",\"target\":{\"@type\":\"EntryPoint\",\"urlTemplate\":\"https:\/\/www.d-velop.de\/blog\/?s={search_term_string}\"},\"query-input\":{\"@type\":\"PropertyValueSpecification\",\"valueRequired\":true,\"valueName\":\"search_term_string\"}}],\"inLanguage\":\"de\"},{\"@type\":\"Organization\",\"@id\":\"https:\/\/www.d-velop.de\/blog\/#organization\",\"name\":\"d.velop Gruppe\",\"url\":\"https:\/\/www.d-velop.de\/blog\/\",\"logo\":{\"@type\":\"ImageObject\",\"inLanguage\":\"de\",\"@id\":\"https:\/\/www.d-velop.de\/blog\/#\/schema\/logo\/image\/\",\"url\":\"https:\/\/www.d-velop.de\/blog\/wp-content\/uploads\/2018\/12\/dvelop-blog-logo-invers.jpg\",\"contentUrl\":\"https:\/\/www.d-velop.de\/blog\/wp-content\/uploads\/2018\/12\/dvelop-blog-logo-invers.jpg\",\"width\":350,\"height\":350,\"caption\":\"d.velop Gruppe\"},\"image\":{\"@id\":\"https:\/\/www.d-velop.de\/blog\/#\/schema\/logo\/image\/\"},\"sameAs\":[\"https:\/\/www.facebook.com\/d.velop.ag\/\",\"https:\/\/x.com\/d_velop\",\"https:\/\/de.linkedin.com\/company\/d-velop\",\"https:\/\/www.xing.com\/pages\/d-velopag\",\"https:\/\/www.instagram.com\/d.velop_group\/\"]}]}<\/script>\n<!-- \/ Yoast SEO Premium plugin. -->","yoast_head_json":{"title":"Werde Teil des Teams | d.velop blog","robots":{"index":"index","follow":"follow","max-snippet":"max-snippet:-1","max-image-preview":"max-image-preview:large","max-video-preview":"max-video-preview:-1"},"canonical":"https:\/\/www.d-velop.de\/blog\/kontakt\/","og_locale":"de_DE","og_type":"article","og_title":"Werde Teil des Teams","og_description":"Werde Teil des Teams","og_url":"https:\/\/www.d-velop.de\/blog\/kontakt\/","og_site_name":"d.velop blog","article_publisher":"https:\/\/www.facebook.com\/d.velop.ag\/","article_modified_time":"2022-05-25T10:16:24+00:00","twitter_card":"summary_large_image","twitter_site":"@d_velop","schema":{"@context":"https:\/\/schema.org","@graph":[{"@type":"WebPage","@id":"https:\/\/www.d-velop.de\/blog\/kontakt\/","url":"https:\/\/www.d-velop.de\/blog\/kontakt\/","name":"Werde Teil des Teams | d.velop blog","isPartOf":{"@id":"https:\/\/www.d-velop.de\/blog\/#website"},"datePublished":"2022-04-01T12:23:52+00:00","dateModified":"2022-05-25T10:16:24+00:00","breadcrumb":{"@id":"https:\/\/www.d-velop.de\/blog\/kontakt\/#breadcrumb"},"inLanguage":"de","potentialAction":[{"@type":"ReadAction","target":["https:\/\/www.d-velop.de\/blog\/kontakt\/"]}]},{"@type":"BreadcrumbList","@id":"https:\/\/www.d-velop.de\/blog\/kontakt\/#breadcrumb","itemListElement":[{"@type":"ListItem","position":1,"name":"Startseite","item":"https:\/\/www.d-velop.de\/blog\/"},{"@type":"ListItem","position":2,"name":"Werde Teil des Teams"}]},{"@type":"WebSite","@id":"https:\/\/www.d-velop.de\/blog\/#website","url":"https:\/\/www.d-velop.de\/blog\/","name":"d.velop blog","description":"Digitalisierung, Dokumentenmanagement und rund um d.velop","publisher":{"@id":"https:\/\/www.d-velop.de\/blog\/#organization"},"potentialAction":[{"@type":"SearchAction","target":{"@type":"EntryPoint","urlTemplate":"https:\/\/www.d-velop.de\/blog\/?s={search_term_string}"},"query-input":{"@type":"PropertyValueSpecification","valueRequired":true,"valueName":"search_term_string"}}],"inLanguage":"de"},{"@type":"Organization","@id":"https:\/\/www.d-velop.de\/blog\/#organization","name":"d.velop Gruppe","url":"https:\/\/www.d-velop.de\/blog\/","logo":{"@type":"ImageObject","inLanguage":"de","@id":"https:\/\/www.d-velop.de\/blog\/#\/schema\/logo\/image\/","url":"https:\/\/www.d-velop.de\/blog\/wp-content\/uploads\/2018\/12\/dvelop-blog-logo-invers.jpg","contentUrl":"https:\/\/www.d-velop.de\/blog\/wp-content\/uploads\/2018\/12\/dvelop-blog-logo-invers.jpg","width":350,"height":350,"caption":"d.velop Gruppe"},"image":{"@id":"https:\/\/www.d-velop.de\/blog\/#\/schema\/logo\/image\/"},"sameAs":["https:\/\/www.facebook.com\/d.velop.ag\/","https:\/\/x.com\/d_velop","https:\/\/de.linkedin.com\/company\/d-velop","https:\/\/www.xing.com\/pages\/d-velopag","https:\/\/www.instagram.com\/d.velop_group\/"]}]}},"_links":{"self":[{"href":"https:\/\/www.d-velop.de\/blog\/wp-json\/wp\/v2\/pages\/30148","targetHints":{"allow":["GET"]}}],"collection":[{"href":"https:\/\/www.d-velop.de\/blog\/wp-json\/wp\/v2\/pages"}],"about":[{"href":"https:\/\/www.d-velop.de\/blog\/wp-json\/wp\/v2\/types\/page"}],"author":[{"embeddable":true,"href":"https:\/\/www.d-velop.de\/blog\/wp-json\/wp\/v2\/users\/76"}],"replies":[{"embeddable":true,"href":"https:\/\/www.d-velop.de\/blog\/wp-json\/wp\/v2\/comments?post=30148"}],"version-history":[{"count":2,"href":"https:\/\/www.d-velop.de\/blog\/wp-json\/wp\/v2\/pages\/30148\/revisions"}],"predecessor-version":[{"id":32373,"href":"https:\/\/www.d-velop.de\/blog\/wp-json\/wp\/v2\/pages\/30148\/revisions\/32373"}],"wp:attachment":[{"href":"https:\/\/www.d-velop.de\/blog\/wp-json\/wp\/v2\/media?parent=30148"}],"curies":[{"name":"wp","href":"https:\/\/api.w.org\/{rel}","templated":true}]}}